{"id":37,"date":"2025-03-01T18:01:20","date_gmt":"2025-03-01T17:01:20","guid":{"rendered":"http:\/\/home.zoomemoi.be\/?page_id=37"},"modified":"2025-03-02T11:21:45","modified_gmt":"2025-03-02T10:21:45","slug":"bienvenue","status":"publish","type":"page","link":"https:\/\/home.zoomemoi.be\/","title":{"rendered":"Bienvenue dans mon univers photographique"},"content":{"rendered":"\n<p><strong>Des souvenirs qui durent toute une vie<\/strong><\/p>\n\n\n\n<p>Les photos sont bien plus que de simples images. Ce sont des fen\u00eatres sur le pass\u00e9, des t\u00e9moins de nos moments les plus pr\u00e9cieux. Elles capturent l&rsquo;essence de nos \u00e9motions, figent les instants de bonheur et nous permettent de revivre ces souvenirs encore et encore.<\/p>\n\n\n\n<p><strong>Pourquoi confier ces moments \u00e0 un professionnel ?<\/strong><\/p>\n\n\n\n<p>Parce que chaque instant compte. Un photographe professionnel saura :<\/p>\n\n\n\n<ul class=\"wp-block-list\">\n<li><strong>Capturer l&rsquo;\u00e9motion<\/strong>: Au-del\u00e0 de la technique, il saura saisir les expressions, les regards, les sourires qui font la beaut\u00e9 d&rsquo;un moment.<\/li>\n\n\n\n<li><strong>Cr\u00e9er des \u0153uvres d&rsquo;art<\/strong>: Vos souvenirs m\u00e9ritent d&rsquo;\u00eatre immortalis\u00e9s avec soin et cr\u00e9ativit\u00e9, dans des photos qui traverseront le temps.<\/li>\n\n\n\n<li><strong>Vous offrir une exp\u00e9rience unique<\/strong>: Un professionnel vous accompagnera, vous conseillera et vous mettra \u00e0 l&rsquo;aise pour que vos photos soient le reflet de votre personnalit\u00e9.<\/li>\n<\/ul>\n\n\n\n<p><strong>Mes services<\/strong><\/p>\n\n\n\n<p>Je vous propose une gamme compl\u00e8te de services pour immortaliser tous les moments importants de votre vie :<\/p>\n\n\n\n<ul class=\"wp-block-list\">\n<li><strong>Mariages<\/strong>: Des photos qui racontent l&rsquo;histoire de votre amour, de la c\u00e9r\u00e9monie \u00e0 la f\u00eate.<\/li>\n\n\n\n<li><strong>Naissances et bapt\u00eames<\/strong>: Les premiers instants de votre enfant, captur\u00e9s avec douceur et tendresse.<\/li>\n\n\n\n<li><strong>Portraits de famille<\/strong>: Des souvenirs interg\u00e9n\u00e9rationnels, pour garder une trace de l&rsquo;\u00e9volution de votre famille.<\/li>\n\n\n\n<li><strong>\u00c9v\u00e9nements familiaux<\/strong>: Anniversaires, f\u00eates, r\u00e9unions de famille&#8230; tous les pr\u00e9textes sont bons pour cr\u00e9er des souvenirs.<\/li>\n\n\n\n<li><strong>Autres \u00e9v\u00e9nements<\/strong> : Comp\u00e9tition sportive, f\u00eate de club, f\u00eate d&rsquo;entreprise, &#8230;<\/li>\n<\/ul>\n\n\n\n<p><strong>Contactez-moi<\/strong><\/p>\n\n\n\n<p>N&rsquo;attendez pas que les souvenirs s&rsquo;estompent. Contactez-moi d\u00e8s aujourd&rsquo;hui pour discuter de vos projets et cr\u00e9er ensemble des photos qui vous feront revivre ces moments magiques pour toujours.<\/p>\n","protected":false},"excerpt":{"rendered":"<p>Des souvenirs qui durent toute une vie Les photos sont bien plus que de simples images. Ce sont des fen\u00eatres sur le pass\u00e9, des t\u00e9moins de nos moments les plus pr\u00e9cieux. Elles capturent l&rsquo;essence de nos \u00e9motions, figent les instants de bonheur et nous permettent de revivre ces souvenirs encore et encore. Pourquoi confier ces &hellip; <\/p>\n<p class=\"link-more\"><a href=\"https:\/\/home.zoomemoi.be\/\" class=\"more-link\">Continuer la lecture<span class=\"screen-reader-text\"> de &laquo;&nbsp;Bienvenue dans mon univers photographique&nbsp;&raquo;<\/span><\/a><\/p>\n","protected":false},"author":1,"featured_media":0,"parent":0,"menu_order":0,"comment_status":"closed","ping_status":"closed","template":"","meta":{"footnotes":""},"class_list":["post-37","page","type-page","status-publish","hentry"],"_links":{"self":[{"href":"https:\/\/home.zoomemoi.be\/index.php\/wp-json\/wp\/v2\/pages\/37","targetHints":{"allow":["GET"]}}],"collection":[{"href":"https:\/\/home.zoomemoi.be\/index.php\/wp-json\/wp\/v2\/pages"}],"about":[{"href":"https:\/\/home.zoomemoi.be\/index.php\/wp-json\/wp\/v2\/types\/page"}],"author":[{"embeddable":true,"href":"https:\/\/home.zoomemoi.be\/index.php\/wp-json\/wp\/v2\/users\/1"}],"replies":[{"embeddable":true,"href":"https:\/\/home.zoomemoi.be\/index.php\/wp-json\/wp\/v2\/comments?post=37"}],"version-history":[{"count":6,"href":"https:\/\/home.zoomemoi.be\/index.php\/wp-json\/wp\/v2\/pages\/37\/revisions"}],"predecessor-version":[{"id":63,"href":"https:\/\/home.zoomemoi.be\/index.php\/wp-json\/wp\/v2\/pages\/37\/revisions\/63"}],"wp:attachment":[{"href":"https:\/\/home.zoomemoi.be\/index.php\/wp-json\/wp\/v2\/media?parent=37"}],"curies":[{"name":"wp","href":"https:\/\/api.w.org\/{rel}","templated":true}]}}