{"id":56,"date":"2025-03-02T11:11:19","date_gmt":"2025-03-02T10:11:19","guid":{"rendered":"https:\/\/home.zoomemoi.be\/?page_id=56"},"modified":"2025-03-02T11:11:19","modified_gmt":"2025-03-02T10:11:19","slug":"qui-suis-je","status":"publish","type":"page","link":"https:\/\/home.zoomemoi.be\/index.php\/qui-suis-je\/","title":{"rendered":"Qui suis-je ?"},"content":{"rendered":"\n<p>Originaire de Frameries, o\u00f9 j&rsquo;exerce avec passion mon m\u00e9tier de photographe, je suis profond\u00e9ment attach\u00e9 \u00e0 ma r\u00e9gion. <\/p>\n\n\n\n<p>La photographie est pour moi bien plus qu&rsquo;une profession, c&rsquo;est une v\u00e9ritable passion transmise de p\u00e8re en grand-p\u00e8re, qui m&rsquo;anime depuis l&rsquo;adolescence. <\/p>\n\n\n\n<p>Dipl\u00f4m\u00e9 en informatique de l&rsquo;UMONS, j&rsquo;ai choisi de consacrer mon expertise technique \u00e0 mon art, en suivant de nombreuses formations pour parfaire mes comp\u00e9tences. <\/p>\n\n\n\n<p>En plus de vos \u00e9v\u00e8nements familiaux, sportifs et autres, vous pouvez me croiser chaque ann\u00e9e \u00e0 Mons lors du Doudou, o\u00f9 je capture l&rsquo;effervescence et la magie de cette f\u00eate embl\u00e9matique. <\/p>\n\n\n\n<p>Mon objectif est de cr\u00e9er des images qui racontent votre histoire, des souvenirs intemporels que vous ch\u00e9rirez pour toujours.<\/p>\n\n\n\n<p><\/p>\n","protected":false},"excerpt":{"rendered":"<p>Originaire de Frameries, o\u00f9 j&rsquo;exerce avec passion mon m\u00e9tier de photographe, je suis profond\u00e9ment attach\u00e9 \u00e0 ma r\u00e9gion. La photographie est pour moi bien plus qu&rsquo;une profession, c&rsquo;est une v\u00e9ritable passion transmise de p\u00e8re en grand-p\u00e8re, qui m&rsquo;anime depuis l&rsquo;adolescence. Dipl\u00f4m\u00e9 en informatique de l&rsquo;UMONS, j&rsquo;ai choisi de consacrer mon expertise technique \u00e0 mon art, &hellip; <\/p>\n<p class=\"link-more\"><a href=\"https:\/\/home.zoomemoi.be\/index.php\/qui-suis-je\/\" class=\"more-link\">Continuer la lecture<span class=\"screen-reader-text\"> de &laquo;&nbsp;Qui suis-je ?&nbsp;&raquo;<\/span><\/a><\/p>\n","protected":false},"author":2,"featured_media":0,"parent":0,"menu_order":0,"comment_status":"closed","ping_status":"closed","template":"","meta":{"footnotes":""},"class_list":["post-56","page","type-page","status-publish","hentry"],"_links":{"self":[{"href":"https:\/\/home.zoomemoi.be\/index.php\/wp-json\/wp\/v2\/pages\/56","targetHints":{"allow":["GET"]}}],"collection":[{"href":"https:\/\/home.zoomemoi.be\/index.php\/wp-json\/wp\/v2\/pages"}],"about":[{"href":"https:\/\/home.zoomemoi.be\/index.php\/wp-json\/wp\/v2\/types\/page"}],"author":[{"embeddable":true,"href":"https:\/\/home.zoomemoi.be\/index.php\/wp-json\/wp\/v2\/users\/2"}],"replies":[{"embeddable":true,"href":"https:\/\/home.zoomemoi.be\/index.php\/wp-json\/wp\/v2\/comments?post=56"}],"version-history":[{"count":1,"href":"https:\/\/home.zoomemoi.be\/index.php\/wp-json\/wp\/v2\/pages\/56\/revisions"}],"predecessor-version":[{"id":57,"href":"https:\/\/home.zoomemoi.be\/index.php\/wp-json\/wp\/v2\/pages\/56\/revisions\/57"}],"wp:attachment":[{"href":"https:\/\/home.zoomemoi.be\/index.php\/wp-json\/wp\/v2\/media?parent=56"}],"curies":[{"name":"wp","href":"https:\/\/api.w.org\/{rel}","templated":true}]}}